{"id":33,"date":"2025-04-24T18:51:07","date_gmt":"2025-04-24T16:51:07","guid":{"rendered":"http:\/\/remycopywriting.com\/?page_id=33"},"modified":"2025-07-10T22:29:29","modified_gmt":"2025-07-10T20:29:29","slug":"un-copywriting-qui-optimise-votre-web-marketing","status":"publish","type":"page","link":"https:\/\/remycopywriting.com\/","title":{"rendered":"Un copywriting qui optimise votre web-marketing"},"content":{"rendered":"<p><span><img decoding=\"async\" alt=\"\" data-id=\"110\" width=\"350\" data-init-width=\"350\" height=\"172\" data-init-height=\"172\" title=\"Logo\" src=\"\/\/remycopywriting.com\/wp-content\/uploads\/2025\/04\/logo.png\" data-width=\"350\" data-height=\"172\" style=\"aspect-ratio: auto 350 \/ 172;\" loading=\"lazy\"><\/span><\/p>\n<h2 style=\"text-align: center;\"><strong><span style=\"\">Et si vous donniez \u00e0 vos futurs clients ce qu&rsquo;ils souhaitent (vraiment) pour acheter chez vous ?<\/span><\/strong><\/h2>\n<p><!--! Font Awesome Free 6.7.1 by @fontawesome - https:\/\/fontawesome.com License - https:\/\/fontawesome.com\/license\/free (Icons: CC BY 4.0, Fonts: SIL OFL 1.1, Code: MIT License) Copyright 2024 Fonticons, Inc. --><\/p>\n<p style=\"text-align: center;\"><strong>Copywriting<\/strong><\/p>\n<p><!--! Font Awesome Free 6.7.1 by @fontawesome - https:\/\/fontawesome.com License - https:\/\/fontawesome.com\/license\/free (Icons: CC BY 4.0, Fonts: SIL OFL 1.1, Code: MIT License) Copyright 2024 Fonticons, Inc. --><\/p>\n<p style=\"text-align: center;\"><b>Besoin d&rsquo;\u00e9toffer<\/b><strong><span>&nbsp;votre portefeuille clients ?<\/span><\/strong><\/p>\n<p style=\"text-align: left;\">Votre produit ou votre service a du potentiel&#8230;<\/p>\n<p style=\"text-align: left;\">Alors vous souhaitez le pr\u00e9senter sous son meilleur jour.<\/p>\n<p style=\"text-align: left;\">De quelle(s) pi\u00e8ce(s) de vente avez-vous besoin aujourd&rsquo;hui :<\/p>\n<ul>\n<li style=\"\"><!--! Font Awesome Free 6.7.1 by @fontawesome - https:\/\/fontawesome.com License - https:\/\/fontawesome.com\/license\/free (Icons: CC BY 4.0, Fonts: SIL OFL 1.1, Code: MIT License) Copyright 2024 Fonticons, Inc. --><span style=\"\">Des emails percutants (onboarding, nurturing, ventes, &#8230;)&nbsp;<\/span><\/li>\n<li style=\"\"><!--! Font Awesome Free 6.7.1 by @fontawesome - https:\/\/fontawesome.com License - https:\/\/fontawesome.com\/license\/free (Icons: CC BY 4.0, Fonts: SIL OFL 1.1, Code: MIT License) Copyright 2024 Fonticons, Inc. --><span>Une publicit\u00e9 qui attire vos meilleurs prospects<\/span><\/li>\n<li style=\"\"><!--! Font Awesome Free 6.7.1 by @fontawesome - https:\/\/fontawesome.com License - https:\/\/fontawesome.com\/license\/free (Icons: CC BY 4.0, Fonts: SIL OFL 1.1, Code: MIT License) Copyright 2024 Fonticons, Inc. --><span>Une page opt-in qui avale des leads \u00e0 la pelle&nbsp;<\/span><\/li>\n<li style=\"\"><!--! Font Awesome Free 6.7.1 by @fontawesome - https:\/\/fontawesome.com License - https:\/\/fontawesome.com\/license\/free (Icons: CC BY 4.0, Fonts: SIL OFL 1.1, Code: MIT License) Copyright 2024 Fonticons, Inc. --><span style=\"\">Une page de vente \u00e0 cr\u00e9er ou \u00e0 d\u00e9poussi\u00e9rer<\/span><\/li>\n<li style=\"\"><!--! Font Awesome Free 6.7.1 by @fontawesome - https:\/\/fontawesome.com License - https:\/\/fontawesome.com\/license\/free (Icons: CC BY 4.0, Fonts: SIL OFL 1.1, Code: MIT License) Copyright 2024 Fonticons, Inc. --><span style=\"\">Un script VSL qui envoie du bois<\/span><\/li>\n<li><!--! Font Awesome Free 6.7.1 by @fontawesome - https:\/\/fontawesome.com License - https:\/\/fontawesome.com\/license\/free (Icons: CC BY 4.0, Fonts: SIL OFL 1.1, Code: MIT License) Copyright 2024 Fonticons, Inc. --><span>Une page vitrine attrayante<\/span><\/li>\n<\/ul>\n<p style=\"text-align: left;\">Si vous n&rsquo;en avez pas la moindre id\u00e9e ou que vous h\u00e9sitez, je peux vous aiguiller en fonction de vos objectifs :<\/p>\n<p style=\"text-align: center;\"><b>Regardez \u00e7a, vous allez mieux comprendre :<\/b><\/p>\n<p style=\"text-align: left;\">Vous allez d\u00e9couvrir les KPIs d&rsquo;une publicit\u00e9s Facebook.<\/p>\n<p style=\"text-align: left;\">\n<p style=\"text-align: left;\">Moins de 10 euros d\u00e9pens\u00e9s pour 53 clics et sans optimisation de l&rsquo;audience cible.<\/p>\n<p style=\"text-align: left;\">\n<p style=\"text-align: left;\">Et tout \u00e7a gr\u00e2ce \u00e0 quoi ?<\/p>\n<p style=\"text-align: left;\">\n<p style=\"text-align: left;\"><strong>Au copywriting : \u00e0 la fa\u00e7on dont j&rsquo;ai utilis\u00e9 les bons mots, ceux qui parlent aux lecteurs.<\/strong><\/p>\n<p style=\"text-align: left;\">\n<p style=\"text-align: left;\">Je vous laisse imaginer les r\u00e9sultats obtenus avec 10 ou 100 fois ce budget&#8230;<\/p>\n<p><span><img decoding=\"async\" alt=\"\" data-id=\"150\" width=\"1080\" data-init-width=\"1478\" height=\"142\" data-init-height=\"195\" title=\"KPIs\" src=\"\/\/remycopywriting.com\/wp-content\/uploads\/2025\/05\/fb-ads-kpi.png\" data-width=\"1080\" data-height=\"142\" style=\"aspect-ratio: auto 1478 \/ 195;\" loading=\"lazy\"><\/span><span style=\"\"><img decoding=\"async\" alt=\"\" data-id=\"112\" width=\"175\" data-init-width=\"342\" height=\"175\" data-init-height=\"342\" title=\"\" src=\"\/\/remycopywriting.com\/wp-content\/uploads\/2025\/04\/gemme.png\" data-width=\"175\" data-height=\"175\" style=\"aspect-ratio: auto 342 \/ 342;\" ml-d=\"0\" mt-d=\"0\" loading=\"lazy\"><\/span><\/p>\n<p style=\"text-align: center;\"><strong>Tunnels de vente<\/strong><\/p>\n<p style=\"text-align: center;\"><b>Besoin d&rsquo;un entonnoir de conversion optimis\u00e9 ?<\/b><\/p>\n<p style=\"text-align: left;\">De la captation de leads qualifi\u00e9s jusqu&rsquo;\u00e0 votre formulaire de commande, ne laissez plus aucune vente vous \u00e9chapper.<\/p>\n<p style=\"text-align: left;\">(Un travail sur votre offre pourra aussi \u00eatre men\u00e9.)<\/p>\n<p style=\"text-align: left;\">Appuyez-vous sur mes dix ans d&rsquo;exp\u00e9rience sur le sujet&#8230;<\/p>\n<p style=\"text-align: left;\">Ensemble, nous mettrons en place le tunnel de vente <span style=\"text-decoration: underline;\">le plus adapt\u00e9 \u00e0 vos objectifs<\/span> ET AUSSI <span style=\"text-decoration: underline;\">100% copywrit\u00e9<\/span> :<\/p>\n<p style=\"text-align: left;\"><strong>Spoiler alert :<\/strong> pas besoin de syst\u00e8me usine \u00e0 gaz pour performer. Selon moi, un tunnel bien pens\u00e9 est avant tout un m\u00e9canisme aussi simple qu&rsquo;efficace.<\/p>\n<p style=\"text-align: center;\"><strong><span style=\"font-family: &quot;Courier Prime&quot;;\"><\/span><\/strong><\/p>\n<p style=\"text-align: center;\"><strong>Ce sont eux qui le disent<\/strong><\/p>\n<p><span><img decoding=\"async\" alt=\"\" data-id=\"46\" width=\"553\" data-init-width=\"553\" height=\"121\" data-init-height=\"121\" title=\"Avis de Kamel\" src=\"\/\/remycopywriting.com\/wp-content\/uploads\/2025\/04\/kh1.png\" data-width=\"553\" data-height=\"121\" style=\"aspect-ratio: auto 553 \/ 121;\" loading=\"lazy\"><\/span><span><img decoding=\"async\" alt=\"\" data-id=\"156\" width=\"668\" data-init-width=\"668\" height=\"206\" data-init-height=\"206\" title=\"\" src=\"\/\/remycopywriting.com\/wp-content\/uploads\/2025\/05\/louis-avis-malt.png\" data-width=\"668\" data-height=\"206\" style=\"aspect-ratio: auto 668 \/ 206;\" loading=\"lazy\"><\/span><span><img decoding=\"async\" alt=\"\" data-id=\"154\" width=\"575\" data-init-width=\"717\" height=\"108\" data-init-height=\"135\" title=\"Avis de Evan\" src=\"\/\/remycopywriting.com\/wp-content\/uploads\/2025\/05\/evan-laniche.jpg\" data-width=\"575\" data-height=\"108\" style=\"aspect-ratio: auto 717 \/ 135;\" loading=\"lazy\"><\/span><span><img decoding=\"async\" alt=\"\" data-id=\"147\" width=\"150\" data-init-width=\"693\" height=\"49\" data-init-height=\"227\" title=\"Malt\" src=\"\/\/remycopywriting.com\/wp-content\/uploads\/2025\/05\/malt.png\" data-width=\"150\" data-height=\"49\" style=\"aspect-ratio: auto 693 \/ 227;\" loading=\"lazy\"><\/span><\/p>\n<p style=\"text-align: center; color: rgb(47, 47, 47) !important; --tcb-applied-color:rgb(47, 47, 47)  !important;\"><strong>Ma <span style=\"text-decoration: underline;\">triple<\/span> comp\u00e9tence<\/strong><strong>au service de vos objectifs<\/strong><\/p>\n<p><span><img decoding=\"async\" alt=\"\" data-id=\"42\" width=\"125\" data-init-width=\"225\" height=\"125\" data-init-height=\"225\" title=\"Hello !\" src=\"\/\/remycopywriting.com\/wp-content\/uploads\/2025\/04\/profil-remy-copywriting.png\" data-width=\"125\" data-height=\"125\" style=\"aspect-ratio: auto 225 \/ 225;\" loading=\"lazy\"><\/span><\/p>\n<p style=\"text-align: left;\"><span style=\"--tcb-applied-color:rgb(27, 27, 27)  !important; color: rgb(27, 27, 27) !important;\">Je suis R\u00e9my et&nbsp;<\/span><span style=\"color: rgb(27, 27, 27) !important;\"><span style=\"--tcb-applied-color: rgb(27, 27, 27) !important;\">j&rsquo;aide les entrepreneurs et les PME \u00e0 d\u00e9velopper leurs activit\u00e9s en ligne (en B2B ou B2C).<\/span><\/span><\/p>\n<p style=\"text-align: left;\"><span style=\"--tcb-applied-color:rgb(27, 27, 27)  !important; color: rgb(27, 27, 27) !important;\">En tant que <span style=\"text-decoration: none;\"><strong><span style=\"--tcb-text-highlight-color:rgb(255, 189, 89)  !important;\">copywriter<\/span><\/strong><\/span> et<\/span><strong><span style=\"text-decoration: underline; --tcb-text-highlight-color:rgb(45, 119, 184)  !important; --tcb-applied-color:rgb(255, 255, 255)  !important; color: rgb(255, 255, 255) !important;\">webmarketeur<\/span><\/strong><span style=\"--tcb-applied-color:rgb(27, 27, 27)  !important; color: rgb(27, 27, 27) !important;\">, je suis en mesure de concevoir vos &lsquo;<em>sales funnel<\/em>&lsquo; optimis\u00e9s, de la phase d&rsquo;acquisition jusqu&rsquo;\u00e0 la vente.<\/span><\/p>\n<p style=\"text-align: left;\"><span style=\"--tcb-applied-color:rgb(27, 27, 27)  !important; color: rgb(27, 27, 27) !important;\">Et en tant qu&rsquo;<\/span><span style=\"text-decoration: none;\"><strong><span style=\"--tcb-applied-color:rgb(255, 255, 255)  !important; color: rgb(255, 255, 255) !important; --tcb-text-highlight-color:rgb(0, 0, 0)  !important;\">int\u00e9grateur<\/span><\/strong><\/span><span style=\"--tcb-applied-color:rgb(27, 27, 27)  !important; color: rgb(27, 27, 27) !important;\">, je peux aussi tout g\u00e9rer en utilisant les meilleurs outils du march\u00e9 selon vos besoins.<\/span><\/p>\n<p style=\"text-align: center;\"><strong>Prochaine \u00e9tape :<\/strong><strong>prenez RDV pour en discuter<\/strong><\/p>\n<p><!-- D\u00e9but de widget en ligne Calendly -->[tcb-script type=\u00a0\u00bbtext\/javascript\u00a0\u00bb src=\u00a0\u00bbhttps:\/\/assets.calendly.com\/assets\/external\/widget.js\u00a0\u00bb async=\u00a0\u00bb\u00a0\u00bb][\/tcb-script]<!-- Fin de widget en ligne Calendly --><\/p>\n","protected":false},"excerpt":{"rendered":"<p>Et si vous donniez \u00e0 vos futurs clients ce qu&rsquo;ils souhaitent (vraiment) pour acheter chez vous ? Copywriting Besoin d&rsquo;\u00e9toffer&nbsp;votre portefeuille clients ? Votre produit ou votre service a du potentiel&#8230; Alors vous souhaitez le pr\u00e9senter sous son meilleur jour. De quelle(s) pi\u00e8ce(s) de vente avez-vous besoin aujourd&rsquo;hui : Des emails percutants (onboarding, nurturing, ventes, [&hellip;]<\/p>\n","protected":false},"author":2,"featured_media":0,"parent":0,"menu_order":0,"comment_status":"closed","ping_status":"closed","template":"","meta":{"footnotes":""},"class_list":["post-33","page","type-page","status-publish","hentry","post-wrapper","thrv_wrapper"],"_links":{"self":[{"href":"https:\/\/remycopywriting.com\/index.php\/wp-json\/wp\/v2\/pages\/33","targetHints":{"allow":["GET"]}}],"collection":[{"href":"https:\/\/remycopywriting.com\/index.php\/wp-json\/wp\/v2\/pages"}],"about":[{"href":"https:\/\/remycopywriting.com\/index.php\/wp-json\/wp\/v2\/types\/page"}],"author":[{"embeddable":true,"href":"https:\/\/remycopywriting.com\/index.php\/wp-json\/wp\/v2\/users\/2"}],"replies":[{"embeddable":true,"href":"https:\/\/remycopywriting.com\/index.php\/wp-json\/wp\/v2\/comments?post=33"}],"version-history":[{"count":64,"href":"https:\/\/remycopywriting.com\/index.php\/wp-json\/wp\/v2\/pages\/33\/revisions"}],"predecessor-version":[{"id":168,"href":"https:\/\/remycopywriting.com\/index.php\/wp-json\/wp\/v2\/pages\/33\/revisions\/168"}],"wp:attachment":[{"href":"https:\/\/remycopywriting.com\/index.php\/wp-json\/wp\/v2\/media?parent=33"}],"curies":[{"name":"wp","href":"https:\/\/api.w.org\/{rel}","templated":true}]}}